{"id":34,"date":"2017-06-09T12:19:42","date_gmt":"2017-06-09T10:19:42","guid":{"rendered":"http:\/\/maicaitalia.testonline.biz\/?page_id=34"},"modified":"2017-06-29T17:03:34","modified_gmt":"2017-06-29T15:03:34","slug":"technology","status":"publish","type":"page","link":"https:\/\/www.maicaitalia.com\/es\/technology\/","title":{"rendered":"Tecnolog\u00eda"},"content":{"rendered":"<p>La contribuci\u00f3n tecnol\u00f3gica de las m\u00e1quinas <span class=\"red\"> Maica<\/span> Se representa la riqueza indiscutible de la tecnolog\u00eda de negocios.<\/span><\/p>\n<p>Las m\u00e1quinas autom\u00e1ticas con la administraci\u00f3n \u00fanica de nueve ejes cada uno controlado por la flexibilidad absoluta para llevar a cabo m\u00faltiples operaciones.<br \/>\nEquipado con la asistencia remota a bordo con la capacidad de actualizar de forma remota. Un notable facilidad de uso permite a todos los usuarios utilizar aprovechando todas las caracter\u00edsticas de la primera utilizaci\u00f3n.<\/p>","protected":false},"excerpt":{"rendered":"<p>La contribuci\u00f3n tecnol\u00f3gica de las m\u00e1quinas Maica Se representa la riqueza indiscutible de la tecnolog\u00eda de negocios. Las m\u00e1quinas autom\u00e1ticas con la administraci\u00f3n \u00fanica de nueve ejes cada uno controlado por la flexibilidad absoluta para llevar a cabo m\u00faltiples operaciones. Equipado con la asistencia remota a bordo con la capacidad de actualizar de forma remota. [&hellip;]<\/p>\n","protected":false},"author":1,"featured_media":0,"parent":0,"menu_order":40,"comment_status":"closed","ping_status":"closed","template":"","meta":{"_acf_changed":false,"footnotes":""},"class_list":["post-34","page","type-page","status-publish","hentry"],"acf":[],"aioseo_notices":[],"_links":{"self":[{"href":"https:\/\/www.maicaitalia.com\/es\/wp-json\/wp\/v2\/pages\/34","targetHints":{"allow":["GET"]}}],"collection":[{"href":"https:\/\/www.maicaitalia.com\/es\/wp-json\/wp\/v2\/pages"}],"about":[{"href":"https:\/\/www.maicaitalia.com\/es\/wp-json\/wp\/v2\/types\/page"}],"author":[{"embeddable":true,"href":"https:\/\/www.maicaitalia.com\/es\/wp-json\/wp\/v2\/users\/1"}],"replies":[{"embeddable":true,"href":"https:\/\/www.maicaitalia.com\/es\/wp-json\/wp\/v2\/comments?post=34"}],"version-history":[{"count":5,"href":"https:\/\/www.maicaitalia.com\/es\/wp-json\/wp\/v2\/pages\/34\/revisions"}],"predecessor-version":[{"id":252,"href":"https:\/\/www.maicaitalia.com\/es\/wp-json\/wp\/v2\/pages\/34\/revisions\/252"}],"wp:attachment":[{"href":"https:\/\/www.maicaitalia.com\/es\/wp-json\/wp\/v2\/media?parent=34"}],"curies":[{"name":"wp","href":"https:\/\/api.w.org\/{rel}","templated":true}]}}